{"id":84,"date":"2020-10-30T16:50:05","date_gmt":"2020-10-30T19:50:05","guid":{"rendered":"http:\/\/r7facilities.com.br\/?page_id=84"},"modified":"2020-10-30T16:50:05","modified_gmt":"2020-10-30T19:50:05","slug":"atuacao","status":"publish","type":"page","link":"http:\/\/r7facilities.com.br\/?page_id=84","title":{"rendered":"Atua\u00e7\u00e3o"},"content":{"rendered":"\n<p>As principais \u00e1reas de atua\u00e7\u00e3o focam na otimiza\u00e7\u00e3o de utilidades (\u00e1gua, vapor, refrigera\u00e7\u00e3o e energia). Para alcan\u00e7ar o conceito de sustentabilidade, utilizamos ferramentas de automa\u00e7\u00e3o e objetos inteligentes.\u00a0Entregamos solu\u00e7\u00f5es, n\u00e3o apenas servi\u00e7os.<\/p>\n\n\n\n<figure class=\"wp-block-image size-large\"><img fetchpriority=\"high\" decoding=\"async\" width=\"924\" height=\"241\" src=\"http:\/\/r7facilities.com.br\/wp-content\/uploads\/2020\/10\/image.png\" alt=\"\" class=\"wp-image-85\" srcset=\"http:\/\/r7facilities.com.br\/wp-content\/uploads\/2020\/10\/image.png 924w, http:\/\/r7facilities.com.br\/wp-content\/uploads\/2020\/10\/image-300x78.png 300w, http:\/\/r7facilities.com.br\/wp-content\/uploads\/2020\/10\/image-768x200.png 768w\" sizes=\"(max-width: 924px) 100vw, 924px\" \/><\/figure>\n","protected":false},"excerpt":{"rendered":"<p>As principais \u00e1reas de atua\u00e7\u00e3o focam na otimiza\u00e7\u00e3o de utilidades (\u00e1gua, vapor, refrigera\u00e7\u00e3o e energia). Para alcan\u00e7ar o conceito de sustentabilidade, utilizamos ferramentas de automa\u00e7\u00e3o e objetos inteligentes.\u00a0Entregamos solu\u00e7\u00f5es, n\u00e3o apenas servi\u00e7os.<\/p>\n","protected":false},"author":1,"featured_media":0,"parent":0,"menu_order":0,"comment_status":"closed","ping_status":"closed","template":"templates\/template_page-full-width.php","meta":{"footnotes":""},"_links":{"self":[{"href":"http:\/\/r7facilities.com.br\/index.php?rest_route=\/wp\/v2\/pages\/84"}],"collection":[{"href":"http:\/\/r7facilities.com.br\/index.php?rest_route=\/wp\/v2\/pages"}],"about":[{"href":"http:\/\/r7facilities.com.br\/index.php?rest_route=\/wp\/v2\/types\/page"}],"author":[{"embeddable":true,"href":"http:\/\/r7facilities.com.br\/index.php?rest_route=\/wp\/v2\/users\/1"}],"replies":[{"embeddable":true,"href":"http:\/\/r7facilities.com.br\/index.php?rest_route=%2Fwp%2Fv2%2Fcomments&post=84"}],"version-history":[{"count":1,"href":"http:\/\/r7facilities.com.br\/index.php?rest_route=\/wp\/v2\/pages\/84\/revisions"}],"predecessor-version":[{"id":86,"href":"http:\/\/r7facilities.com.br\/index.php?rest_route=\/wp\/v2\/pages\/84\/revisions\/86"}],"wp:attachment":[{"href":"http:\/\/r7facilities.com.br\/index.php?rest_route=%2Fwp%2Fv2%2Fmedia&parent=84"}],"curies":[{"name":"wp","href":"https:\/\/api.w.org\/{rel}","templated":true}]}}